{"id":149,"date":"2023-07-14T12:06:51","date_gmt":"2023-07-14T12:06:51","guid":{"rendered":"https:\/\/gifted-bose.151-80-162-105.plesk.page\/index.php\/inicio\/"},"modified":"2026-02-16T11:04:59","modified_gmt":"2026-02-16T11:04:59","slug":"inicio","status":"publish","type":"page","link":"https:\/\/telematic.tech\/es\/","title":{"rendered":"Inicio"},"content":{"rendered":"","protected":false},"excerpt":{"rendered":"","protected":false},"author":2,"featured_media":0,"parent":0,"menu_order":0,"comment_status":"closed","ping_status":"closed","template":"","meta":{"footnotes":""},"class_list":["post-149","page","type-page","status-publish","hentry"],"yoast_head":"<!-- This site is optimized with the Yoast SEO plugin v27.0 - https:\/\/yoast.com\/product\/yoast-seo-wordpress\/ -->\n<title>Inicio - Telem\u00e0tic IT Solutions<\/title>\n<meta name=\"robots\" content=\"noindex, follow, max-snippet:-1, max-image-preview:large, max-video-preview:-1\" \/>\n<meta property=\"og:locale\" content=\"es_ES\" \/>\n<meta property=\"og:type\" content=\"article\" \/>\n<meta property=\"og:title\" content=\"Inicio - Telem\u00e0tic IT Solutions\" \/>\n<meta property=\"og:url\" content=\"https:\/\/telematic.tech\/es\/\" \/>\n<meta property=\"og:site_name\" content=\"Telem\u00e0tic IT Solutions\" \/>\n<meta property=\"article:modified_time\" content=\"2026-02-16T11:04:59+00:00\" \/>\n<meta name=\"twitter:card\" content=\"summary_large_image\" \/>\n<script type=\"application\/ld+json\" class=\"yoast-schema-graph\">{\"@context\":\"https:\/\/schema.org\",\"@graph\":[{\"@type\":\"WebPage\",\"@id\":\"https:\/\/telematic.tech\/es\/\",\"url\":\"https:\/\/telematic.tech\/es\/\",\"name\":\"Inicio - Telem\u00e0tic IT Solutions\",\"isPartOf\":{\"@id\":\"https:\/\/telematic.tech\/es\/#website\"},\"datePublished\":\"2023-07-14T12:06:51+00:00\",\"dateModified\":\"2026-02-16T11:04:59+00:00\",\"breadcrumb\":{\"@id\":\"https:\/\/telematic.tech\/es\/#breadcrumb\"},\"inLanguage\":\"es\",\"potentialAction\":[{\"@type\":\"ReadAction\",\"target\":[\"https:\/\/telematic.tech\/es\/\"]}]},{\"@type\":\"BreadcrumbList\",\"@id\":\"https:\/\/telematic.tech\/es\/#breadcrumb\",\"itemListElement\":[{\"@type\":\"ListItem\",\"position\":1,\"name\":\"Portada\",\"item\":\"https:\/\/telematic.tech\/es\/\"},{\"@type\":\"ListItem\",\"position\":2,\"name\":\"Inicio\"}]},{\"@type\":\"WebSite\",\"@id\":\"https:\/\/telematic.tech\/es\/#website\",\"url\":\"https:\/\/telematic.tech\/es\/\",\"name\":\"Telem\u00e0tic IT Solutions\",\"description\":\"Telem\u00e0tic Solucions Inform\u00e0tiques\",\"potentialAction\":[{\"@type\":\"SearchAction\",\"target\":{\"@type\":\"EntryPoint\",\"urlTemplate\":\"https:\/\/telematic.tech\/es\/?s={search_term_string}\"},\"query-input\":{\"@type\":\"PropertyValueSpecification\",\"valueRequired\":true,\"valueName\":\"search_term_string\"}}],\"inLanguage\":\"es\"}]}<\/script>\n<!-- \/ Yoast SEO plugin. -->","yoast_head_json":{"title":"Inicio - Telem\u00e0tic IT Solutions","robots":{"index":"noindex","follow":"follow","max-snippet":"max-snippet:-1","max-image-preview":"max-image-preview:large","max-video-preview":"max-video-preview:-1"},"og_locale":"es_ES","og_type":"article","og_title":"Inicio - Telem\u00e0tic IT Solutions","og_url":"https:\/\/telematic.tech\/es\/","og_site_name":"Telem\u00e0tic IT Solutions","article_modified_time":"2026-02-16T11:04:59+00:00","twitter_card":"summary_large_image","schema":{"@context":"https:\/\/schema.org","@graph":[{"@type":"WebPage","@id":"https:\/\/telematic.tech\/es\/","url":"https:\/\/telematic.tech\/es\/","name":"Inicio - Telem\u00e0tic IT Solutions","isPartOf":{"@id":"https:\/\/telematic.tech\/es\/#website"},"datePublished":"2023-07-14T12:06:51+00:00","dateModified":"2026-02-16T11:04:59+00:00","breadcrumb":{"@id":"https:\/\/telematic.tech\/es\/#breadcrumb"},"inLanguage":"es","potentialAction":[{"@type":"ReadAction","target":["https:\/\/telematic.tech\/es\/"]}]},{"@type":"BreadcrumbList","@id":"https:\/\/telematic.tech\/es\/#breadcrumb","itemListElement":[{"@type":"ListItem","position":1,"name":"Portada","item":"https:\/\/telematic.tech\/es\/"},{"@type":"ListItem","position":2,"name":"Inicio"}]},{"@type":"WebSite","@id":"https:\/\/telematic.tech\/es\/#website","url":"https:\/\/telematic.tech\/es\/","name":"Telem\u00e0tic IT Solutions","description":"Telem\u00e0tic Solucions Inform\u00e0tiques","potentialAction":[{"@type":"SearchAction","target":{"@type":"EntryPoint","urlTemplate":"https:\/\/telematic.tech\/es\/?s={search_term_string}"},"query-input":{"@type":"PropertyValueSpecification","valueRequired":true,"valueName":"search_term_string"}}],"inLanguage":"es"}]}},"_links":{"self":[{"href":"https:\/\/telematic.tech\/es\/wp-json\/wp\/v2\/pages\/149","targetHints":{"allow":["GET"]}}],"collection":[{"href":"https:\/\/telematic.tech\/es\/wp-json\/wp\/v2\/pages"}],"about":[{"href":"https:\/\/telematic.tech\/es\/wp-json\/wp\/v2\/types\/page"}],"author":[{"embeddable":true,"href":"https:\/\/telematic.tech\/es\/wp-json\/wp\/v2\/users\/2"}],"replies":[{"embeddable":true,"href":"https:\/\/telematic.tech\/es\/wp-json\/wp\/v2\/comments?post=149"}],"version-history":[{"count":1,"href":"https:\/\/telematic.tech\/es\/wp-json\/wp\/v2\/pages\/149\/revisions"}],"predecessor-version":[{"id":151,"href":"https:\/\/telematic.tech\/es\/wp-json\/wp\/v2\/pages\/149\/revisions\/151"}],"wp:attachment":[{"href":"https:\/\/telematic.tech\/es\/wp-json\/wp\/v2\/media?parent=149"}],"curies":[{"name":"wp","href":"https:\/\/api.w.org\/{rel}","templated":true}]}}